{"id":31957,"date":"2024-08-27T14:05:08","date_gmt":"2024-08-27T12:05:08","guid":{"rendered":"https:\/\/www.mmcsa.ch\/mentions-legales\/"},"modified":"2025-05-06T10:10:45","modified_gmt":"2025-05-06T08:10:45","slug":"mentions-legales","status":"publish","type":"page","link":"https:\/\/mmcsa.ch\/de\/mentions-legales\/","title":{"rendered":"Impressum"},"content":{"rendered":"\t\t<div data-elementor-type=\"wp-page\" data-elementor-id=\"31957\" class=\"elementor elementor-31957 elementor-30861\" data-elementor-post-type=\"page\">\n\t\t\t\t\t\t<section class=\"elementor-section elementor-top-section elementor-element elementor-element-a2ba1f5 elementor-section-full_width elementor-section-height-default elementor-section-height-default sc_fly_static\" data-id=\"a2ba1f5\" data-element_type=\"section\" data-e-type=\"section\" data-settings=\"{&quot;ekit_has_onepagescroll_dot&quot;:&quot;yes&quot;}\">\n\t\t\t\t\t\t<div class=\"elementor-container elementor-column-gap-extended\">\n\t\t\t\t\t<div class=\"elementor-column elementor-col-100 elementor-top-column elementor-element elementor-element-36f8ea6 sc_content_align_inherit sc_layouts_column_icons_position_left sc_fly_static\" data-id=\"36f8ea6\" data-element_type=\"column\" data-e-type=\"column\">\n\t\t\t<div class=\"elementor-widget-wrap elementor-element-populated\">\n\t\t\t\t\t\t<div class=\"elementor-element elementor-element-72b6184 sc_fly_static elementor-widget elementor-widget-elementskit-motion-text\" data-id=\"72b6184\" data-element_type=\"widget\" data-e-type=\"widget\" data-widget_type=\"elementskit-motion-text.default\">\n\t\t\t\t<div class=\"elementor-widget-container\">\n\t\t\t\t\t<div class=\"ekit-wid-con\" >\t\t<div class=\"elementskit_motion_text_wraper\">\n\t\t\t\t\t\t<div class=\"ekit_motion_text_inner_wraper background_reveal_anim\" >\n\t\t\t<h1 class=\"ekit_motion_text_title ekit_animation  \" data-ekit-animation-delay-s=\"10\" data-animate-class=\"ekit-RevealInRight\"><span class=\"ekit_motion_text\" data-ekit-animation-delay=\"\">Impressum<\/span>\t\t\t\t<\/h1>\t\t\t\t\t\t<div class=\"elementkit_background_reveal_bg\"><\/div>\n\t\t\t\t\t\t\t\t\t<\/div>\n\t\t<\/div>\n\n\t\t<\/div>\t\t\t\t<\/div>\n\t\t\t\t<\/div>\n\t\t\t\t<div class=\"elementor-element elementor-element-c0c277d sc_fly_static elementor-widget elementor-widget-text-editor\" data-id=\"c0c277d\" data-element_type=\"widget\" data-e-type=\"widget\" data-widget_type=\"text-editor.default\">\n\t\t\t\t<div class=\"elementor-widget-container\">\n\t\t\t\t\t\t\t\t\t<p><strong>EDITOR<\/strong><\/p><p>Die Website MMCSA.CH wird herausgegeben von :<\/p><p>Majestic Management &amp; Consulting<\/p><p>SA mit einem Kapital von 100.000 Euro<\/p><p>IDE EPALINGES CH-550.1.033.914-5<\/p><p>Hauptsitz: Le Grand Chemin 63, 1066 Epalinges<\/p><p>Verantwortlich f\u00fcr die Ver\u00f6ffentlichung: Yann Meuterlos<\/p><p>Intrakommunale Mehrwertsteuer: CHE-110.055.173<\/p><p>Telefon: +41 21 784 80 32<\/p><p>E-Mail: y.meuterlos@mmcsa.ch<\/p><p><strong>H\u00c9BERGEUR<\/strong><\/p><p>Das Hosting der Website wird von :<\/p><p>Infomaniak Network SA<\/p><p>Hauptsitz: Les Acacias, Genf, Schweiz<\/p><p>Telefon: +41 22 820 35 55<\/p><p><strong>GEISTIGES EIGENTUM<\/strong><\/p><p>Der Herausgeber ist alleiniger Inhaber der geistigen Eigentumsrechte oder Nutzungsrechte<\/p><p>\u00fcber die gesamte Website, ihre Struktur und ihren Inhalt, einschlie\u00dflich insbesondere der Texte,<\/p><p>Bilder, Fotografien, Illustrationen, Logos, Videos, Datenbanken und Software.<\/p><p>Jede Darstellung, Vervielf\u00e4ltigung, Anpassung, \u00c4nderung oder Verwertung, die nicht von der<\/p><p>Die unerlaubte Verwendung dieser Informationen ist verboten und kann eine F\u00e4lschung im Sinne der Gesetze darstellen.<\/p><p>Artikel L. 335-2 ff. des Code de la propri\u00e9t\u00e9 intellectuelle (Gesetz \u00fcber geistiges Eigentum).<\/p><p><strong>HYPERLINKS<\/strong><\/p><p>Auf der Website k\u00f6nnen Hyperlinks zu externen Websites vorhanden sein.<\/p><p>Der Herausgeber \u00fcbernimmt keine Verantwortung f\u00fcr den Inhalt externer Websites oder f\u00fcr die Inhalte von Websites, die von Dritten betrieben werden.<\/p><p>technische Probleme, die mit ihrer Nutzung verbunden sind<\/p><p><strong>PERS\u00d6NLICHE DATEN<\/strong><\/p><p>Der Herausgeber der Website verpflichtet sich, eine Datenverarbeitung zu implementieren.<\/p><p>Die Datenschutzbestimmungen f\u00fcr pers\u00f6nliche Daten respektieren die Privatsph\u00e4re und entsprechen der franz\u00f6sischen Gesetzgebung.<\/p><p>Die Kommission ist der Ansicht, dass die geltenden europ\u00e4ischen Bestimmungen eingehalten werden m\u00fcssen.<\/p><p>Weitere Informationen \u00fcber die Verarbeitung personenbezogener Daten sind erh\u00e4ltlich bei<\/p><p>Diese Adresse: https: <a href=\"https:\/\/www.mmcsa.ch\/de\/politique-de-confidentialite\/\">\/\/www.mmcsa.ch\/politique-de-confidentialite\/<\/a>.<\/p><p>COOKIES<\/p><p>Der Herausgeber der Website verwendet Cookies und Tracker, um Ihnen eine bessere Erfahrung auf der Website zu bieten.<\/p><p>Die Beschr\u00e4nkung der Cookies kann in den Einstellungen Ihres Browsers oder durch die Nutzung der privaten Navigation konfiguriert werden.<\/p>\t\t\t\t\t\t\t\t<\/div>\n\t\t\t\t<\/div>\n\t\t\t\t\t<\/div>\n\t\t<\/div>\n\t\t\t\t\t<\/div>\n\t\t<\/section>\n\t\t\t\t<\/div>\n\t\t","protected":false},"excerpt":{"rendered":"<p>Impressum EDITOR Die Website MMCSA.CH wird herausgegeben von : Majestic Management &amp; Consulting SA mit einem Kapital von 100.000 Euro IDE EPALINGES CH-550.1.033.914-5 Hauptsitz: Le Grand Chemin 63, 1066 Epalinges&hellip;<\/p>\n","protected":false},"author":1,"featured_media":0,"parent":0,"menu_order":0,"comment_status":"closed","ping_status":"closed","template":"","meta":{"_monsterinsights_skip_tracking":false,"_monsterinsights_sitenote_active":false,"_monsterinsights_sitenote_note":"","_monsterinsights_sitenote_category":0,"footnotes":"","_links_to":"","_links_to_target":""},"class_list":["post-31957","page","type-page","status-publish","hentry"],"yoast_head":"<!-- This site is optimized with the Yoast SEO plugin v27.2 - https:\/\/yoast.com\/product\/yoast-seo-wordpress\/ -->\n<title>Impressum - Hospitality Procurement Company<\/title>\n<meta name=\"description\" content=\"Impressum EDITORDie Website MMCSA.CH wird herausgegeben von :Majestic Management &amp; ConsultingSA mit einem Kapital von 100.000 EuroIDE EPALINGES\" \/>\n<meta name=\"robots\" content=\"noindex, follow\" \/>\n<meta property=\"og:locale\" content=\"de_DE\" \/>\n<meta property=\"og:type\" content=\"article\" \/>\n<meta property=\"og:title\" content=\"Impressum - Hospitality Procurement Company\" \/>\n<meta property=\"og:description\" content=\"Impressum EDITORDie Website MMCSA.CH wird herausgegeben von :Majestic Management &amp; ConsultingSA mit einem Kapital von 100.000 EuroIDE EPALINGES\" \/>\n<meta property=\"og:url\" content=\"https:\/\/mmcsa.ch\/de\/mentions-legales\/\" \/>\n<meta property=\"og:site_name\" content=\"Majestic Management &#038;amp; Consulting\" \/>\n<meta property=\"article:modified_time\" content=\"2025-05-06T08:10:45+00:00\" \/>\n<meta property=\"og:image\" content=\"https:\/\/mmcsa.ch\/wp-content\/uploads\/2024\/05\/mmc-logo-full-color-rgb-2000px-w-72ppi.jpg\" \/>\n\t<meta property=\"og:image:width\" content=\"2000\" \/>\n\t<meta property=\"og:image:height\" content=\"1584\" \/>\n\t<meta property=\"og:image:type\" content=\"image\/jpeg\" \/>\n<meta name=\"twitter:card\" content=\"summary_large_image\" \/>\n<meta name=\"twitter:label1\" content=\"Gesch\u00e4tzte Lesezeit\" \/>\n\t<meta name=\"twitter:data1\" content=\"1\u00a0Minute\" \/>\n<script type=\"application\/ld+json\" class=\"yoast-schema-graph\">{\"@context\":\"https:\/\/schema.org\",\"@graph\":[{\"@type\":\"WebPage\",\"@id\":\"https:\/\/mmcsa.ch\/de\/mentions-legales\/\",\"url\":\"https:\/\/mmcsa.ch\/de\/mentions-legales\/\",\"name\":\"Impressum - Hospitality Procurement Company\",\"isPartOf\":{\"@id\":\"https:\/\/mmcsa.ch\/de\/#website\"},\"datePublished\":\"2024-08-27T12:05:08+00:00\",\"dateModified\":\"2025-05-06T08:10:45+00:00\",\"description\":\"Impressum EDITORDie Website MMCSA.CH wird herausgegeben von :Majestic Management &amp; ConsultingSA mit einem Kapital von 100.000 EuroIDE EPALINGES\",\"breadcrumb\":{\"@id\":\"https:\/\/mmcsa.ch\/de\/mentions-legales\/#breadcrumb\"},\"inLanguage\":\"de\",\"potentialAction\":[{\"@type\":\"ReadAction\",\"target\":[\"https:\/\/mmcsa.ch\/de\/mentions-legales\/\"]}]},{\"@type\":\"BreadcrumbList\",\"@id\":\"https:\/\/mmcsa.ch\/de\/mentions-legales\/#breadcrumb\",\"itemListElement\":[{\"@type\":\"ListItem\",\"position\":1,\"name\":\"Accueil\",\"item\":\"https:\/\/mmcsa.ch\/de\/\"},{\"@type\":\"ListItem\",\"position\":2,\"name\":\"Impressum\"}]},{\"@type\":\"WebSite\",\"@id\":\"https:\/\/mmcsa.ch\/de\/#website\",\"url\":\"https:\/\/mmcsa.ch\/de\/\",\"name\":\"Majestic Management & Consulting\",\"description\":\"Hospitality Procurement Company\",\"publisher\":{\"@id\":\"https:\/\/mmcsa.ch\/de\/#organization\"},\"alternateName\":\"MM&C\",\"potentialAction\":[{\"@type\":\"SearchAction\",\"target\":{\"@type\":\"EntryPoint\",\"urlTemplate\":\"https:\/\/mmcsa.ch\/de\/?s={search_term_string}\"},\"query-input\":{\"@type\":\"PropertyValueSpecification\",\"valueRequired\":true,\"valueName\":\"search_term_string\"}}],\"inLanguage\":\"de\"},{\"@type\":\"Organization\",\"@id\":\"https:\/\/mmcsa.ch\/de\/#organization\",\"name\":\"Majestic Management & Consulting\",\"alternateName\":\"MM&C\",\"url\":\"https:\/\/mmcsa.ch\/de\/\",\"logo\":{\"@type\":\"ImageObject\",\"inLanguage\":\"de\",\"@id\":\"https:\/\/mmcsa.ch\/de\/#\/schema\/logo\/image\/\",\"url\":\"https:\/\/mmcsa.ch\/wp-content\/uploads\/2025\/11\/cropped-Mmc-logo-2025.png\",\"contentUrl\":\"https:\/\/mmcsa.ch\/wp-content\/uploads\/2025\/11\/cropped-Mmc-logo-2025.png\",\"width\":299,\"height\":97,\"caption\":\"Majestic Management & Consulting\"},\"image\":{\"@id\":\"https:\/\/mmcsa.ch\/de\/#\/schema\/logo\/image\/\"},\"sameAs\":[\"https:\/\/www.linkedin.com\/company\/majestic-management-consulting\/?viewAsMember=true\"]}]}<\/script>\n<!-- \/ Yoast SEO plugin. -->","yoast_head_json":{"title":"Impressum - Hospitality Procurement Company","description":"Impressum EDITORDie Website MMCSA.CH wird herausgegeben von :Majestic Management &amp; ConsultingSA mit einem Kapital von 100.000 EuroIDE EPALINGES","robots":{"index":"noindex","follow":"follow"},"og_locale":"de_DE","og_type":"article","og_title":"Impressum - Hospitality Procurement Company","og_description":"Impressum EDITORDie Website MMCSA.CH wird herausgegeben von :Majestic Management &amp; ConsultingSA mit einem Kapital von 100.000 EuroIDE EPALINGES","og_url":"https:\/\/mmcsa.ch\/de\/mentions-legales\/","og_site_name":"Majestic Management &#038;amp; Consulting","article_modified_time":"2025-05-06T08:10:45+00:00","og_image":[{"width":2000,"height":1584,"url":"https:\/\/mmcsa.ch\/wp-content\/uploads\/2024\/05\/mmc-logo-full-color-rgb-2000px-w-72ppi.jpg","type":"image\/jpeg"}],"twitter_card":"summary_large_image","twitter_misc":{"Gesch\u00e4tzte Lesezeit":"1\u00a0Minute"},"schema":{"@context":"https:\/\/schema.org","@graph":[{"@type":"WebPage","@id":"https:\/\/mmcsa.ch\/de\/mentions-legales\/","url":"https:\/\/mmcsa.ch\/de\/mentions-legales\/","name":"Impressum - Hospitality Procurement Company","isPartOf":{"@id":"https:\/\/mmcsa.ch\/de\/#website"},"datePublished":"2024-08-27T12:05:08+00:00","dateModified":"2025-05-06T08:10:45+00:00","description":"Impressum EDITORDie Website MMCSA.CH wird herausgegeben von :Majestic Management &amp; ConsultingSA mit einem Kapital von 100.000 EuroIDE EPALINGES","breadcrumb":{"@id":"https:\/\/mmcsa.ch\/de\/mentions-legales\/#breadcrumb"},"inLanguage":"de","potentialAction":[{"@type":"ReadAction","target":["https:\/\/mmcsa.ch\/de\/mentions-legales\/"]}]},{"@type":"BreadcrumbList","@id":"https:\/\/mmcsa.ch\/de\/mentions-legales\/#breadcrumb","itemListElement":[{"@type":"ListItem","position":1,"name":"Accueil","item":"https:\/\/mmcsa.ch\/de\/"},{"@type":"ListItem","position":2,"name":"Impressum"}]},{"@type":"WebSite","@id":"https:\/\/mmcsa.ch\/de\/#website","url":"https:\/\/mmcsa.ch\/de\/","name":"Majestic Management & Consulting","description":"Hospitality Procurement Company","publisher":{"@id":"https:\/\/mmcsa.ch\/de\/#organization"},"alternateName":"MM&C","potentialAction":[{"@type":"SearchAction","target":{"@type":"EntryPoint","urlTemplate":"https:\/\/mmcsa.ch\/de\/?s={search_term_string}"},"query-input":{"@type":"PropertyValueSpecification","valueRequired":true,"valueName":"search_term_string"}}],"inLanguage":"de"},{"@type":"Organization","@id":"https:\/\/mmcsa.ch\/de\/#organization","name":"Majestic Management & Consulting","alternateName":"MM&C","url":"https:\/\/mmcsa.ch\/de\/","logo":{"@type":"ImageObject","inLanguage":"de","@id":"https:\/\/mmcsa.ch\/de\/#\/schema\/logo\/image\/","url":"https:\/\/mmcsa.ch\/wp-content\/uploads\/2025\/11\/cropped-Mmc-logo-2025.png","contentUrl":"https:\/\/mmcsa.ch\/wp-content\/uploads\/2025\/11\/cropped-Mmc-logo-2025.png","width":299,"height":97,"caption":"Majestic Management & Consulting"},"image":{"@id":"https:\/\/mmcsa.ch\/de\/#\/schema\/logo\/image\/"},"sameAs":["https:\/\/www.linkedin.com\/company\/majestic-management-consulting\/?viewAsMember=true"]}]}},"_links":{"self":[{"href":"https:\/\/mmcsa.ch\/de\/wp-json\/wp\/v2\/pages\/31957","targetHints":{"allow":["GET"]}}],"collection":[{"href":"https:\/\/mmcsa.ch\/de\/wp-json\/wp\/v2\/pages"}],"about":[{"href":"https:\/\/mmcsa.ch\/de\/wp-json\/wp\/v2\/types\/page"}],"author":[{"embeddable":true,"href":"https:\/\/mmcsa.ch\/de\/wp-json\/wp\/v2\/users\/1"}],"replies":[{"embeddable":true,"href":"https:\/\/mmcsa.ch\/de\/wp-json\/wp\/v2\/comments?post=31957"}],"version-history":[{"count":4,"href":"https:\/\/mmcsa.ch\/de\/wp-json\/wp\/v2\/pages\/31957\/revisions"}],"predecessor-version":[{"id":32991,"href":"https:\/\/mmcsa.ch\/de\/wp-json\/wp\/v2\/pages\/31957\/revisions\/32991"}],"wp:attachment":[{"href":"https:\/\/mmcsa.ch\/de\/wp-json\/wp\/v2\/media?parent=31957"}],"curies":[{"name":"wp","href":"https:\/\/api.w.org\/{rel}","templated":true}]}}