{"id":31959,"date":"2020-08-27T08:23:10","date_gmt":"2020-08-27T06:23:10","guid":{"rendered":"https:\/\/www.mmcsa.ch\/politique-de-confidentialite\/"},"modified":"2025-05-06T10:13:57","modified_gmt":"2025-05-06T08:13:57","slug":"politique-de-confidentialite","status":"publish","type":"page","link":"https:\/\/mmcsa.ch\/de\/politique-de-confidentialite\/","title":{"rendered":"Datenschutzrichtlinien"},"content":{"rendered":"\t\t<div data-elementor-type=\"wp-page\" data-elementor-id=\"31959\" class=\"elementor elementor-31959 elementor-12954\" data-elementor-post-type=\"page\">\n\t\t\t\t\t\t<section class=\"elementor-section elementor-top-section elementor-element elementor-element-7321157f elementor-section-boxed elementor-section-height-default elementor-section-height-default sc_fly_static\" data-id=\"7321157f\" data-element_type=\"section\" data-e-type=\"section\" data-settings=\"{&quot;background_background&quot;:&quot;classic&quot;,&quot;ekit_has_onepagescroll_dot&quot;:&quot;yes&quot;}\">\n\t\t\t\t\t\t<div class=\"elementor-container elementor-column-gap-extended\">\n\t\t\t\t\t<div class=\"elementor-column elementor-col-100 elementor-top-column elementor-element elementor-element-770fd656 sc_content_align_inherit sc_layouts_column_icons_position_left sc_fly_static\" data-id=\"770fd656\" data-element_type=\"column\" data-e-type=\"column\">\n\t\t\t<div class=\"elementor-widget-wrap elementor-element-populated\">\n\t\t\t\t\t\t<div class=\"elementor-element elementor-element-20d12e1e sc_fly_static elementor-widget elementor-widget-text-editor\" data-id=\"20d12e1e\" data-element_type=\"widget\" data-e-type=\"widget\" data-widget_type=\"text-editor.default\">\n\t\t\t\t<div class=\"elementor-widget-container\">\n\t\t\t\t\t\t\t\t\t<p><strong>DATENSCHUTZPOLITIK<\/strong><\/p><p>Im Rahmen des Betriebs der Website www.mmcsa.ch sammeln wir Informationen und pers\u00f6nliche Daten \u00fcber Sie.<\/p><p>Diese Datenschutzrichtlinie soll Sie dar\u00fcber informieren, wie wir diese Informationen und Daten sammeln und verarbeiten, sowie \u00fcber Ihre Rechte in diesem Zusammenhang.<\/p><p>Wir verpflichten uns, diese Informationen und Daten auf eine Weise zu verarbeiten, die Ihre Privatsph\u00e4re respektiert und den in Frankreich und Europa geltenden Gesetzen entspricht. Dar\u00fcber hinaus setzen wir geeignete technische oder organisatorische Ma\u00dfnahmen ein, um die Sicherheit Ihrer Daten zu gew\u00e4hrleisten, insbesondere gegen unbefugte oder unrechtm\u00e4\u00dfige Verarbeitung, Verlust, Zerst\u00f6rung oder Besch\u00e4digung durch Zufall oder gegen den Zugriff durch unbefugte Personen. <\/p><p><strong><br>Wer ist f\u00fcr Ihre Informationen verantwortlich?<\/strong><\/p><p>Der Verantwortliche f\u00fcr die Verarbeitung Ihrer pers\u00f6nlichen Daten ist Majestic Management &amp; Consulting, SA mit einem Kapital von 100.000 Euro, eingetragen im Handels- und Gesellschaftsregister von EPALINGES unter der Nummer CH-550.1.033.914-5, dessen gesetzliche Vertretung durch seinen Vorsitzenden Herrn Yann Meuterlos erfolgt.<\/p><p><strong><br>Welche Arten von Informationen werden gesammelt?<\/strong><\/p><p>Wir sammeln Informationen \u00fcber Ihre Identit\u00e4t (Anrede, Name, Vorname, E-Mail-Adresse&#8230;), die Sie uns mitteilen, wenn Sie ein Formular auf der Website ausf\u00fcllen oder wenn Sie sich direkt mit uns in Verbindung setzen.<\/p><p>Die Pflichtangaben sind mit einem Sternchen gekennzeichnet.<\/p><p>Wir sammeln auch Informationen \u00fcber Transaktionen (Transaktionsnummer, Einzelheiten der Bestellung), die Verfolgung der Gesch\u00e4ftsbeziehung (Bestellungen, Rechnungen, Korrespondenz) und die erfolgten Zahlungen.<\/p><p>Wir verwenden auch Ger\u00e4te und Technologien zur Beobachtung von Aktivit\u00e4ten, um automatisch Informationen \u00fcber Ihre Verbindung mit und Ihre Navigation auf der Website zu sammeln. Dies kann Ihre IP-Adresse, Ihren geografischen Standort, den von Ihnen verwendeten Browsertyp, die auf jeder Seite verbrachte Zeit, die von Ihnen angeklickten Links und andere \u00e4hnliche Daten umfassen. Diese Informationen werden anonymisiert und helfen uns, Ihr Surferlebnis zu verbessern und zu personalisieren, die Website zu sichern und technische Probleme zu l\u00f6sen.  <\/p><p><strong><br>Warum werden Ihre Informationen gesammelt?<\/strong><\/p><p>Wir speichern und verwenden Ihre Informationen nur im Rahmen der gesetzlichen Bestimmungen und f\u00fcr einen Zeitraum, der auf die Zwecke beschr\u00e4nkt ist, die bei der Erhebung angegeben wurden.<\/p><p>&#8211; <u>Verwaltung von Bestellungen und Kundenbeziehungen<\/u>: Die Rechtsgrundlage ist die Erf\u00fcllung eines Vertrags oder vorvertraglicher Ma\u00dfnahmen. Die Informationen werden f\u00fcr den Zeitraum aufbewahrt, der f\u00fcr die Verwaltung der Gesch\u00e4ftsbeziehung erforderlich ist. <\/p><p>&#8211; <u>Buchf\u00fchrung<\/u>: Die Rechtsgrundlage ist die Erf\u00fcllung unserer gesetzlichen, buchhalterischen und steuerlichen Verpflichtungen. Die Informationen werden 10 Jahre lang aufbewahrt. <\/p><p>&#8211; <u>Sicherheit der Website und Verhinderung von Betrug<\/u>: Die Rechtsgrundlage ist unser berechtigtes Interesse. Die Informationen werden f\u00fcr einen Zeitraum von maximal 13 Monaten aufbewahrt. <\/p><p>&#8211; <u>Messung und Analyse des Datenverkehrs<\/u>: Die Rechtsgrundlage ist unser berechtigtes Interesse oder die Zustimmung. Die Informationen werden f\u00fcr einen Zeitraum von maximal 13 Monaten gespeichert. <\/p><p>&#8211; <u>Verbesserung und Optimierung der Website<\/u>: Die Rechtsgrundlage ist unser berechtigtes Interesse. Die Informationen werden f\u00fcr einen Zeitraum von maximal 13 Monaten gespeichert. <\/p><p>&#8211; <u>Werbe- und Treueaktionen<\/u>: Die Rechtsgrundlage ist die Zustimmung. Die Informationen werden f\u00fcr einen Zeitraum von maximal 3 Jahren nach der letzten Bestellung oder Kontaktaufnahme auf Initiative des Kunden oder Interessenten gespeichert. <\/p><p><strong><br>An wen werden Ihre Informationen weitergegeben?<\/strong><\/p><p>Ihre Daten werden von unseren internen Abteilungen verwendet. Jeder Zugriff auf Ihre pers\u00f6nlichen Daten unterliegt einer Vertraulichkeitsverpflichtung. <\/p><p>Sie k\u00f6nnen auch an unsere Subunternehmer weitergegeben werden, die mit den technischen Dienstleistungen beauftragt sind, die f\u00fcr den Betrieb der Website erforderlich sind: IT-Dienstleister (Hosting, Wartung&#8230;), Zahlungsdienstleister, technische und logistische Dienstleister, Beratungsagenturen f\u00fcr Statistik und Kommunikation.<\/p><p>Die \u00dcbermittlung Ihrer Informationen erfolgt immer auf der Grundlage eines Vertrages, in dem die geltenden Vorschriften und Verpflichtungen in Bezug auf den Schutz personenbezogener Daten genannt werden.<\/p><p>Ihre Daten k\u00f6nnen in L\u00e4nder au\u00dferhalb der Europ\u00e4ischen Union \u00fcbertragen werden. In diesem Fall garantieren wir, dass diese Daten Gegenstand eines Schutzes sind, der im Wesentlichen dem in der Europ\u00e4ischen Union garantierten Schutz entspricht, entweder aufgrund eines Angemessenheitsbeschlusses der Europ\u00e4ischen Kommission oder durch die Einf\u00fchrung aller geeigneten Ma\u00dfnahmen, einschlie\u00dflich der Verwendung der Standardvertragsklauseln der Europ\u00e4ischen Kommission. Weitere Informationen \u00fcber diese angemessenen Garantien k\u00f6nnen Sie unter den unten angegebenen Kontaktdaten anfordern.  <\/p><p><strong><br>Welche Rechte haben Sie?<\/strong><\/p><p>Sie haben das Recht, auf Ihre Daten zuzugreifen, sie zu korrigieren, ihre L\u00f6schung zu verlangen oder Ihr Recht auf Einschr\u00e4nkung der Verarbeitung Ihrer Daten auszu\u00fcben.<\/p><p>Sie k\u00f6nnen auch der Verarbeitung Ihrer Daten aus Gr\u00fcnden, die sich auf Ihre besondere Situation beziehen, widersprechen, au\u00dfer im Falle von kommerzieller Werbung, der Sie ohne Angabe von Gr\u00fcnden widersprechen k\u00f6nnen.<\/p><p>Sie k\u00f6nnen Ihre Einwilligung jederzeit widerrufen, ohne die Rechtm\u00e4\u00dfigkeit der Verarbeitung auf der Grundlage der Einwilligung, die vor dem Widerruf der Einwilligung erfolgt ist, zu beeintr\u00e4chtigen.<\/p><p>Sie haben das Recht auf \u00dcbertragbarkeit Ihrer Daten.<\/p><p>Sie k\u00f6nnen Richtlinien \u00fcber die Aufbewahrung, L\u00f6schung oder Offenlegung Ihrer pers\u00f6nlichen Daten nach Ihrem Tod festlegen.<\/p><p>Um Ihre Rechte auszu\u00fcben oder wenn Sie Fragen zur Verarbeitung Ihrer Daten haben, k\u00f6nnen Sie sich an unseren Datenschutzbeauftragten wenden:<\/p><p>Per E-Mail: v.vandercam@mao.swiss <br>Per Post: Vanille Van Der Cam, <br>Le Grand Chemin 63, 1066, Epalinges CH<\/p>\t\t\t\t\t\t\t\t<\/div>\n\t\t\t\t<\/div>\n\t\t\t\t\t<\/div>\n\t\t<\/div>\n\t\t\t\t\t<\/div>\n\t\t<\/section>\n\t\t\t\t<\/div>\n\t\t","protected":false},"excerpt":{"rendered":"<p>DATENSCHUTZPOLITIK Im Rahmen des Betriebs der Website www.mmcsa.ch sammeln wir Informationen und pers\u00f6nliche Daten \u00fcber Sie. Diese Datenschutzrichtlinie soll Sie dar\u00fcber informieren, wie wir diese Informationen und Daten sammeln und&hellip;<\/p>\n","protected":false},"author":1,"featured_media":0,"parent":0,"menu_order":0,"comment_status":"closed","ping_status":"closed","template":"","meta":{"_monsterinsights_skip_tracking":false,"_monsterinsights_sitenote_active":false,"_monsterinsights_sitenote_note":"","_monsterinsights_sitenote_category":0,"footnotes":"","_links_to":"","_links_to_target":""},"class_list":["post-31959","page","type-page","status-publish","hentry"],"yoast_head":"<!-- This site is optimized with the Yoast SEO plugin v27.2 - https:\/\/yoast.com\/product\/yoast-seo-wordpress\/ -->\n<title>Datenschutzrichtlinien - Hospitality Procurement Company<\/title>\n<meta name=\"description\" content=\"DATENSCHUTZPOLITIKIm Rahmen des Betriebs der Website www.mmcsa.ch sammeln wir Informationen und pers\u00f6nliche Daten \u00fcber Sie.Diese Datenschutzrichtlinie\" \/>\n<meta name=\"robots\" content=\"noindex, nofollow\" \/>\n<meta property=\"og:locale\" content=\"de_DE\" \/>\n<meta property=\"og:type\" content=\"article\" \/>\n<meta property=\"og:title\" content=\"Datenschutzrichtlinien - Hospitality Procurement Company\" \/>\n<meta property=\"og:description\" content=\"DATENSCHUTZPOLITIKIm Rahmen des Betriebs der Website www.mmcsa.ch sammeln wir Informationen und pers\u00f6nliche Daten \u00fcber Sie.Diese Datenschutzrichtlinie\" \/>\n<meta property=\"og:url\" content=\"https:\/\/mmcsa.ch\/de\/politique-de-confidentialite\/\" \/>\n<meta property=\"og:site_name\" content=\"Majestic Management &#038;amp; Consulting\" \/>\n<meta property=\"article:modified_time\" content=\"2025-05-06T08:13:57+00:00\" \/>\n<meta property=\"og:image\" content=\"https:\/\/mmcsa.ch\/wp-content\/uploads\/2024\/05\/mmc-logo-full-color-rgb-2000px-w-72ppi.jpg\" \/>\n\t<meta property=\"og:image:width\" content=\"2000\" \/>\n\t<meta property=\"og:image:height\" content=\"1584\" \/>\n\t<meta property=\"og:image:type\" content=\"image\/jpeg\" \/>\n<meta name=\"twitter:card\" content=\"summary_large_image\" \/>\n<meta name=\"twitter:label1\" content=\"Gesch\u00e4tzte Lesezeit\" \/>\n\t<meta name=\"twitter:data1\" content=\"4\u00a0Minuten\" \/>\n<script type=\"application\/ld+json\" class=\"yoast-schema-graph\">{\"@context\":\"https:\/\/schema.org\",\"@graph\":[{\"@type\":\"WebPage\",\"@id\":\"https:\/\/mmcsa.ch\/de\/politique-de-confidentialite\/\",\"url\":\"https:\/\/mmcsa.ch\/de\/politique-de-confidentialite\/\",\"name\":\"Datenschutzrichtlinien - Hospitality Procurement Company\",\"isPartOf\":{\"@id\":\"https:\/\/mmcsa.ch\/de\/#website\"},\"datePublished\":\"2020-08-27T06:23:10+00:00\",\"dateModified\":\"2025-05-06T08:13:57+00:00\",\"description\":\"DATENSCHUTZPOLITIKIm Rahmen des Betriebs der Website www.mmcsa.ch sammeln wir Informationen und pers\u00f6nliche Daten \u00fcber Sie.Diese Datenschutzrichtlinie\",\"breadcrumb\":{\"@id\":\"https:\/\/mmcsa.ch\/de\/politique-de-confidentialite\/#breadcrumb\"},\"inLanguage\":\"de\",\"potentialAction\":[{\"@type\":\"ReadAction\",\"target\":[\"https:\/\/mmcsa.ch\/de\/politique-de-confidentialite\/\"]}]},{\"@type\":\"BreadcrumbList\",\"@id\":\"https:\/\/mmcsa.ch\/de\/politique-de-confidentialite\/#breadcrumb\",\"itemListElement\":[{\"@type\":\"ListItem\",\"position\":1,\"name\":\"Accueil\",\"item\":\"https:\/\/mmcsa.ch\/de\/\"},{\"@type\":\"ListItem\",\"position\":2,\"name\":\"Datenschutzrichtlinien\"}]},{\"@type\":\"WebSite\",\"@id\":\"https:\/\/mmcsa.ch\/de\/#website\",\"url\":\"https:\/\/mmcsa.ch\/de\/\",\"name\":\"Majestic Management & Consulting\",\"description\":\"Hospitality Procurement Company\",\"publisher\":{\"@id\":\"https:\/\/mmcsa.ch\/de\/#organization\"},\"alternateName\":\"MM&C\",\"potentialAction\":[{\"@type\":\"SearchAction\",\"target\":{\"@type\":\"EntryPoint\",\"urlTemplate\":\"https:\/\/mmcsa.ch\/de\/?s={search_term_string}\"},\"query-input\":{\"@type\":\"PropertyValueSpecification\",\"valueRequired\":true,\"valueName\":\"search_term_string\"}}],\"inLanguage\":\"de\"},{\"@type\":\"Organization\",\"@id\":\"https:\/\/mmcsa.ch\/de\/#organization\",\"name\":\"Majestic Management & Consulting\",\"alternateName\":\"MM&C\",\"url\":\"https:\/\/mmcsa.ch\/de\/\",\"logo\":{\"@type\":\"ImageObject\",\"inLanguage\":\"de\",\"@id\":\"https:\/\/mmcsa.ch\/de\/#\/schema\/logo\/image\/\",\"url\":\"https:\/\/mmcsa.ch\/wp-content\/uploads\/2025\/11\/cropped-Mmc-logo-2025.png\",\"contentUrl\":\"https:\/\/mmcsa.ch\/wp-content\/uploads\/2025\/11\/cropped-Mmc-logo-2025.png\",\"width\":299,\"height\":97,\"caption\":\"Majestic Management & Consulting\"},\"image\":{\"@id\":\"https:\/\/mmcsa.ch\/de\/#\/schema\/logo\/image\/\"},\"sameAs\":[\"https:\/\/www.linkedin.com\/company\/majestic-management-consulting\/?viewAsMember=true\"]}]}<\/script>\n<!-- \/ Yoast SEO plugin. -->","yoast_head_json":{"title":"Datenschutzrichtlinien - Hospitality Procurement Company","description":"DATENSCHUTZPOLITIKIm Rahmen des Betriebs der Website www.mmcsa.ch sammeln wir Informationen und pers\u00f6nliche Daten \u00fcber Sie.Diese Datenschutzrichtlinie","robots":{"index":"noindex","follow":"nofollow"},"og_locale":"de_DE","og_type":"article","og_title":"Datenschutzrichtlinien - Hospitality Procurement Company","og_description":"DATENSCHUTZPOLITIKIm Rahmen des Betriebs der Website www.mmcsa.ch sammeln wir Informationen und pers\u00f6nliche Daten \u00fcber Sie.Diese Datenschutzrichtlinie","og_url":"https:\/\/mmcsa.ch\/de\/politique-de-confidentialite\/","og_site_name":"Majestic Management &#038;amp; Consulting","article_modified_time":"2025-05-06T08:13:57+00:00","og_image":[{"width":2000,"height":1584,"url":"https:\/\/mmcsa.ch\/wp-content\/uploads\/2024\/05\/mmc-logo-full-color-rgb-2000px-w-72ppi.jpg","type":"image\/jpeg"}],"twitter_card":"summary_large_image","twitter_misc":{"Gesch\u00e4tzte Lesezeit":"4\u00a0Minuten"},"schema":{"@context":"https:\/\/schema.org","@graph":[{"@type":"WebPage","@id":"https:\/\/mmcsa.ch\/de\/politique-de-confidentialite\/","url":"https:\/\/mmcsa.ch\/de\/politique-de-confidentialite\/","name":"Datenschutzrichtlinien - Hospitality Procurement Company","isPartOf":{"@id":"https:\/\/mmcsa.ch\/de\/#website"},"datePublished":"2020-08-27T06:23:10+00:00","dateModified":"2025-05-06T08:13:57+00:00","description":"DATENSCHUTZPOLITIKIm Rahmen des Betriebs der Website www.mmcsa.ch sammeln wir Informationen und pers\u00f6nliche Daten \u00fcber Sie.Diese Datenschutzrichtlinie","breadcrumb":{"@id":"https:\/\/mmcsa.ch\/de\/politique-de-confidentialite\/#breadcrumb"},"inLanguage":"de","potentialAction":[{"@type":"ReadAction","target":["https:\/\/mmcsa.ch\/de\/politique-de-confidentialite\/"]}]},{"@type":"BreadcrumbList","@id":"https:\/\/mmcsa.ch\/de\/politique-de-confidentialite\/#breadcrumb","itemListElement":[{"@type":"ListItem","position":1,"name":"Accueil","item":"https:\/\/mmcsa.ch\/de\/"},{"@type":"ListItem","position":2,"name":"Datenschutzrichtlinien"}]},{"@type":"WebSite","@id":"https:\/\/mmcsa.ch\/de\/#website","url":"https:\/\/mmcsa.ch\/de\/","name":"Majestic Management & Consulting","description":"Hospitality Procurement Company","publisher":{"@id":"https:\/\/mmcsa.ch\/de\/#organization"},"alternateName":"MM&C","potentialAction":[{"@type":"SearchAction","target":{"@type":"EntryPoint","urlTemplate":"https:\/\/mmcsa.ch\/de\/?s={search_term_string}"},"query-input":{"@type":"PropertyValueSpecification","valueRequired":true,"valueName":"search_term_string"}}],"inLanguage":"de"},{"@type":"Organization","@id":"https:\/\/mmcsa.ch\/de\/#organization","name":"Majestic Management & Consulting","alternateName":"MM&C","url":"https:\/\/mmcsa.ch\/de\/","logo":{"@type":"ImageObject","inLanguage":"de","@id":"https:\/\/mmcsa.ch\/de\/#\/schema\/logo\/image\/","url":"https:\/\/mmcsa.ch\/wp-content\/uploads\/2025\/11\/cropped-Mmc-logo-2025.png","contentUrl":"https:\/\/mmcsa.ch\/wp-content\/uploads\/2025\/11\/cropped-Mmc-logo-2025.png","width":299,"height":97,"caption":"Majestic Management & Consulting"},"image":{"@id":"https:\/\/mmcsa.ch\/de\/#\/schema\/logo\/image\/"},"sameAs":["https:\/\/www.linkedin.com\/company\/majestic-management-consulting\/?viewAsMember=true"]}]}},"_links":{"self":[{"href":"https:\/\/mmcsa.ch\/de\/wp-json\/wp\/v2\/pages\/31959","targetHints":{"allow":["GET"]}}],"collection":[{"href":"https:\/\/mmcsa.ch\/de\/wp-json\/wp\/v2\/pages"}],"about":[{"href":"https:\/\/mmcsa.ch\/de\/wp-json\/wp\/v2\/types\/page"}],"author":[{"embeddable":true,"href":"https:\/\/mmcsa.ch\/de\/wp-json\/wp\/v2\/users\/1"}],"replies":[{"embeddable":true,"href":"https:\/\/mmcsa.ch\/de\/wp-json\/wp\/v2\/comments?post=31959"}],"version-history":[{"count":4,"href":"https:\/\/mmcsa.ch\/de\/wp-json\/wp\/v2\/pages\/31959\/revisions"}],"predecessor-version":[{"id":32999,"href":"https:\/\/mmcsa.ch\/de\/wp-json\/wp\/v2\/pages\/31959\/revisions\/32999"}],"wp:attachment":[{"href":"https:\/\/mmcsa.ch\/de\/wp-json\/wp\/v2\/media?parent=31959"}],"curies":[{"name":"wp","href":"https:\/\/api.w.org\/{rel}","templated":true}]}}